{"id":2005,"date":"2021-03-09T15:18:35","date_gmt":"2021-03-09T14:18:35","guid":{"rendered":"http:\/\/athelitico.jobs-conseil.com\/?page_id=2005"},"modified":"2021-07-23T14:47:21","modified_gmt":"2021-07-23T12:47:21","slug":"sportives-eduquees","status":"publish","type":"page","link":"http:\/\/athelitico.jobs-conseil.com\/index.php\/sportives-eduquees\/","title":{"rendered":"Sportives \u00e9duqu\u00e9es"},"content":{"rendered":"\n<p class=\"has-text-align-left\">Sportives Eduqu\u00e9es, un programme de l\u2019Atl\u00e9tico Akanda pour l\u2019\u00e9mancipation des sportives gabonaises par l\u2019\u00e9ducation et la formation<\/p>\n\n\n\n<figure class=\"wp-block-image size-large is-resized\"><img loading=\"lazy\" src=\"http:\/\/athelitico.jobs-conseil.com\/wp-content\/uploads\/2021\/03\/ct1-1024x724.png\" alt=\"\" class=\"wp-image-2028\" width=\"484\" height=\"342\" srcset=\"http:\/\/athelitico.jobs-conseil.com\/wp-content\/uploads\/2021\/03\/ct1-1024x724.png 1024w, http:\/\/athelitico.jobs-conseil.com\/wp-content\/uploads\/2021\/03\/ct1-300x212.png 300w, http:\/\/athelitico.jobs-conseil.com\/wp-content\/uploads\/2021\/03\/ct1-768x543.png 768w, http:\/\/athelitico.jobs-conseil.com\/wp-content\/uploads\/2021\/03\/ct1-1536x1086.png 1536w, http:\/\/athelitico.jobs-conseil.com\/wp-content\/uploads\/2021\/03\/ct1-600x424.png 600w, http:\/\/athelitico.jobs-conseil.com\/wp-content\/uploads\/2021\/03\/ct1.png 1754w\" sizes=\"(max-width: 484px) 100vw, 484px\" \/><\/figure>\n\n\n\n<p>Organis\u00e9&nbsp;autour&nbsp;de&nbsp;sa&nbsp;section&nbsp;f\u00e9minine,&nbsp;lors&nbsp;de&nbsp;notre&nbsp;premi\u00e8re&nbsp;saison,&nbsp;l\u2019Atl\u00e9tico&nbsp;Akanda&nbsp;est&nbsp;une&nbsp;association&nbsp;qui&nbsp;se&nbsp;veut&nbsp;\u00eatre&nbsp;un&nbsp;acteur&nbsp;leader&nbsp;du&nbsp;secteur&nbsp;du&nbsp;Sport&nbsp;en&nbsp;g\u00e9n\u00e9ral,&nbsp;du&nbsp;Football&nbsp;et&nbsp;du&nbsp;Divertis- sement au&nbsp;Gabon.<\/p>\n\n\n\n<p>L\u2019activit\u00e9 du club s\u2019organise autour du produit \u201c Football \u201c pour d\u00e9buter, et s\u2019\u00e9tendra vers d\u2019autres activit\u00e9s compl\u00e9mentaires : athl\u00e9tisme, basket-ball, handball.<\/p>\n\n\n\n<p>La formation de jeunes (filles et gar\u00e7ons) et l\u2019accompagnement dans leur \u00e9ducation et leur&nbsp;forma- tion professionnelle, est un pilier strat\u00e9gique du club, qui se veut devenir un v\u00e9ritable vivier de joueuses et joueurs talentueux pour les \u00e9quipes nationales. Mais aussi source importante de cr\u00e9a- tion&nbsp;de&nbsp;valeur&nbsp;pour&nbsp;le&nbsp;Football&nbsp;locale,&nbsp;et&nbsp;le&nbsp;pays&nbsp;en&nbsp;lui-m\u00eame.<\/p>\n\n\n\n<p>Depuis notre cr\u00e9ation nous avons pour marraine Mme Lucie Milebou-Aubusson pr\u00e9sident du S\u00e9nat<\/p>\n\n\n\n<p class=\"has-text-align-center\"><\/p>\n\n\n\n<figure class=\"wp-block-image size-large\"><img loading=\"lazy\" width=\"1024\" height=\"288\" src=\"http:\/\/athelitico.jobs-conseil.com\/wp-content\/uploads\/2021\/03\/ct2-e1615557565617-1024x288.png\" alt=\"\" class=\"wp-image-2057\" srcset=\"http:\/\/athelitico.jobs-conseil.com\/wp-content\/uploads\/2021\/03\/ct2-e1615557565617-1024x288.png 1024w, http:\/\/athelitico.jobs-conseil.com\/wp-content\/uploads\/2021\/03\/ct2-e1615557565617-300x84.png 300w, http:\/\/athelitico.jobs-conseil.com\/wp-content\/uploads\/2021\/03\/ct2-e1615557565617-768x216.png 768w, http:\/\/athelitico.jobs-conseil.com\/wp-content\/uploads\/2021\/03\/ct2-e1615557565617-600x169.png 600w, http:\/\/athelitico.jobs-conseil.com\/wp-content\/uploads\/2021\/03\/ct2-e1615557565617.png 1122w\" sizes=\"(max-width: 1024px) 100vw, 1024px\" \/><\/figure>\n\n\n\n<p><\/p>\n\n\n\n<h2><strong>Activit\u00e9s du<\/strong><strong>&nbsp;<\/strong><strong>club<\/strong><strong><\/strong><\/h2>\n\n\n\n<p>Au cours du dernier exercice, et depuis sa cr\u00e9ation au nom de Ballon d\u2019Or F\u00e9minin, le club a d\u00e9montr\u00e9, au travers d&rsquo;une solide performance sportive, la pertinence de son&nbsp;mod\u00e8le \u00e9conomique et organisationnel et, d\u00e9velopp\u00e9 autour la mise en avant des jeunes sportives. Notre mod\u00e8le d&rsquo;organisation, professionnelle, per- mettra d&rsquo;accro\u00eetre les partenaires et les revenus de fa\u00e7on substantielle, et de d\u2019installer le club parmi les plus grands clubs nationaux et&nbsp;r\u00e9gionaux.<\/p>\n\n\n\n<figure class=\"wp-block-image size-large is-resized\"><img loading=\"lazy\" src=\"http:\/\/athelitico.jobs-conseil.com\/wp-content\/uploads\/2021\/03\/ct3-e1615557815497.png\" alt=\"\" class=\"wp-image-2058\" width=\"268\" height=\"321\" srcset=\"http:\/\/athelitico.jobs-conseil.com\/wp-content\/uploads\/2021\/03\/ct3-e1615557815497.png 493w, http:\/\/athelitico.jobs-conseil.com\/wp-content\/uploads\/2021\/03\/ct3-e1615557815497-250x300.png 250w\" sizes=\"(max-width: 268px) 100vw, 268px\" \/><\/figure>\n\n\n\n<h2><strong>Le foot oui, mais l\u2019\u00e9cole d\u2019abord !<\/strong><\/h2>\n\n\n\n<p>Atl\u00e9tico Akanda (AA) entend suivre, d\u00e8s cette ann\u00e9e acad\u00e9mique, une strat\u00e9gie bas\u00e9e sur la r\u00e9currence des performances sportives, \u00e9ducatives et scolaires des joueurs de l\u2019\u00e9quipe, avec un pilier strat\u00e9gique fort, l&rsquo;Academy AA, et la mise en place du&nbsp;Programme&nbsp;\u00ab\u00a0Sportives \u00c9duqu\u00e9es\u00a0\u00bb. Cette&nbsp;culture&nbsp;de&nbsp;l\u2019excellence,&nbsp;et&nbsp;de&nbsp;\u201cl\u2019\u00e9ducation&nbsp;d\u2019abord\u201d&nbsp;(toutes les sportives et sportifs recrut\u00e9s au club sont obligatoirement scolaris\u00e9s ou ins\u00e9r\u00e9s professionnellement) va constituer une source importante de cr\u00e9ation de valeur afin de lutter contre ces discriminations et accompagner les filles dans leur \u00e9mancipation.<\/p>\n\n\n\n<figure class=\"wp-block-image size-large\"><img loading=\"lazy\" width=\"1024\" height=\"330\" src=\"http:\/\/athelitico.jobs-conseil.com\/wp-content\/uploads\/2021\/03\/ct4-1024x330.png\" alt=\"\" class=\"wp-image-2059\" srcset=\"http:\/\/athelitico.jobs-conseil.com\/wp-content\/uploads\/2021\/03\/ct4-1024x330.png 1024w, http:\/\/athelitico.jobs-conseil.com\/wp-content\/uploads\/2021\/03\/ct4-300x97.png 300w, http:\/\/athelitico.jobs-conseil.com\/wp-content\/uploads\/2021\/03\/ct4-768x248.png 768w, http:\/\/athelitico.jobs-conseil.com\/wp-content\/uploads\/2021\/03\/ct4-600x193.png 600w, http:\/\/athelitico.jobs-conseil.com\/wp-content\/uploads\/2021\/03\/ct4.png 1036w\" sizes=\"(max-width: 1024px) 100vw, 1024px\" \/><\/figure>\n\n\n\n<p><\/p>\n\n\n\n<h2><strong>Probl\u00e8me identifi\u00e9 : D\u00e9crochage scolaire<\/strong><\/h2>\n\n\n\n<p>Les&nbsp;in\u00e9galit\u00e9s&nbsp;\u00e9ducatives&nbsp;et&nbsp;celles&nbsp;entre&nbsp;les&nbsp;jeunes&nbsp;filles&nbsp;et&nbsp;jeunes&nbsp;gar\u00e7ons&nbsp;ont&nbsp;toujours&nbsp;exist\u00e9s mais&nbsp;la crise&nbsp;sanitaire&nbsp;n\u2019a&nbsp;fait&nbsp;que&nbsp;les&nbsp;renforcer.<\/p>\n\n\n\n<p>Dans&nbsp;le&nbsp;monde&nbsp;du&nbsp;football,&nbsp;les&nbsp;in\u00e9galit\u00e9s&nbsp;sont&nbsp;encore&nbsp;plus&nbsp;grandes.&nbsp;Nombreuses&nbsp;sont&nbsp;les&nbsp;jeunes&nbsp;fillesqui&nbsp;n\u2019ont&nbsp;pas&nbsp;pu&nbsp;b\u00e9n\u00e9ficier&nbsp;de&nbsp;bonnes&nbsp;conditions&nbsp;d\u2019apprentissage&nbsp;depuis&nbsp;des&nbsp;ann\u00e9es.<\/p>\n\n\n\n<p>\u201c&nbsp;Au&nbsp;Gabon&nbsp;4&nbsp;sportives*&nbsp;sur&nbsp;10&nbsp;arr\u00eatent&nbsp;l\u2019\u00e9cole&nbsp;avant&nbsp;m\u00eame&nbsp;d\u2019avoir&nbsp;obtenu &nbsp;leur&nbsp;Baccalaur\u00e9at.&nbsp;\u00ab&nbsp;Certaines&nbsp;arr\u00eatent&nbsp;l\u2019\u00e9cole&nbsp;avant&nbsp;m\u00eame&nbsp;la&nbsp;classe&nbsp;de&nbsp;3e&nbsp;pour&nbsp;se&nbsp;consacrer&nbsp;au&nbsp;foot&nbsp;car&nbsp;leurs&nbsp;encadreurs&nbsp;sportifs&nbsp;leur&nbsp;aurait&nbsp;promis&nbsp;un&nbsp;bel&nbsp;avenir\u2026\u201d**<\/p>\n\n\n\n<p>A&nbsp;Libreville,&nbsp;capitale&nbsp;du&nbsp;Gabon,&nbsp;40%&nbsp;des&nbsp;filles&nbsp;qui&nbsp;font&nbsp;du&nbsp;sport,&nbsp;de&nbsp;15&nbsp;\u00e0&nbsp;22&nbsp;ans,&nbsp;ont&nbsp;au&nbsp;moins&nbsp;un&nbsp;enfant,sont&nbsp;c\u00e9libataires,&nbsp;sont&nbsp;sorties&nbsp;du&nbsp;syst\u00e8me&nbsp;scolaire,&nbsp;ou&nbsp;sont&nbsp;\u201c&nbsp;\u00e0&nbsp;la&nbsp;maison\u201d.<\/p>\n\n\n\n<p>Autre&nbsp;constat,&nbsp;qui&nbsp;interpelle,&nbsp;\u201cdepuis&nbsp;20&nbsp;ans&nbsp;:&nbsp;seules&nbsp;12%&nbsp;des&nbsp;filles&nbsp;qui&nbsp;ont&nbsp;jou\u00e9&nbsp;au&nbsp;foot&nbsp;(\u00e9chantillon&nbsp;de210&nbsp;filles\/femmes&nbsp;interrog\u00e9es),&nbsp;ont&nbsp;obtenu&nbsp;un&nbsp;dipl\u00f4me&nbsp;universitaire.&nbsp;Et&nbsp;seulement&nbsp;20&nbsp;%&nbsp;d\u2019entre&nbsp;elles ont&nbsp;obtenu&nbsp;un&nbsp;travail&nbsp;\u201ccorrect\u201d&nbsp;apr\u00e8s&nbsp;avoir&nbsp;arr\u00eat\u00e9&nbsp;le&nbsp;foot.<\/p>\n\n\n\n<p>Enfin,&nbsp;sur&nbsp;les&nbsp;210&nbsp;femmes&nbsp;interrog\u00e9es,&nbsp;il&nbsp;n\u2019y&nbsp;a&nbsp;que&nbsp;1,5%&nbsp;qui&nbsp;sont&nbsp;rest\u00e9es&nbsp;dans&nbsp;le&nbsp;monde&nbsp;du&nbsp;sport,&nbsp;en&nbsp;devenant&nbsp;encadreurs,&nbsp;dirigeants&nbsp;ou&nbsp;arbitres.&nbsp;Ce&nbsp;qui&nbsp;est&nbsp;d\u00e9risoire.<\/p>\n\n\n\n<p>Apr\u00e8s&nbsp;avoir&nbsp;men\u00e9&nbsp;cette&nbsp;enqu\u00eate&nbsp;des&nbsp;mois&nbsp;durant,&nbsp;notre&nbsp;Association&nbsp;Sportive&nbsp;Atl\u00e9tico&nbsp;Akanda&nbsp;a&nbsp;mis&nbsp;en place le Programme \u00ab\u00a0Sportives&nbsp;\u00c9duqu\u00e9es\u00a0\u00bb, avec la collaboration des partenaires locaux, attentifs \u00e0 la cause&nbsp;\u00e9ducative.<\/p>\n\n\n\n<p>Son objectif principal : contribuer \u00e0 l\u2019\u00e9ducation, l\u2019instruction, l\u2019orientation.<\/p>\n\n\n\n<h1><strong>Objectif principal<\/strong><\/h1>\n\n\n\n<p class=\"has-text-align-left\">Ce&nbsp;programme&nbsp;\u00ab\u00a0<strong>Sportives&nbsp;\u00c9duqu\u00e9es<\/strong>\u00a0\u00bb&nbsp;vise&nbsp;aussi&nbsp;la&nbsp;promotion&nbsp;du&nbsp;leadership&nbsp;des&nbsp;filles&nbsp;et&nbsp;l\u2019\u00e9galit\u00e9&nbsp;des genres&nbsp;dans&nbsp;un&nbsp;environnement&nbsp;protecteur&nbsp;gr\u00e2ce&nbsp;\u00e0&nbsp;la&nbsp;r\u00e9insertion&nbsp;et&nbsp;l\u2019accompagnement&nbsp;scolaire,ind\u00e9pendamment&nbsp;de&nbsp;la&nbsp;pratique&nbsp;du&nbsp;sport,&nbsp;et&nbsp;particuli\u00e8rement&nbsp;le&nbsp;football&nbsp;qui&nbsp;passionne&nbsp;de&nbsp;plus&nbsp;en plus&nbsp;les&nbsp;jeunes&nbsp;filles.***<\/p>\n\n\n\n<figure class=\"wp-block-image size-large\"><img loading=\"lazy\" width=\"1024\" height=\"376\" src=\"http:\/\/athelitico.jobs-conseil.com\/wp-content\/uploads\/2021\/03\/ct5-1024x376.png\" alt=\"\" class=\"wp-image-2060\" srcset=\"http:\/\/athelitico.jobs-conseil.com\/wp-content\/uploads\/2021\/03\/ct5-1024x376.png 1024w, http:\/\/athelitico.jobs-conseil.com\/wp-content\/uploads\/2021\/03\/ct5-300x110.png 300w, http:\/\/athelitico.jobs-conseil.com\/wp-content\/uploads\/2021\/03\/ct5-768x282.png 768w, http:\/\/athelitico.jobs-conseil.com\/wp-content\/uploads\/2021\/03\/ct5-600x220.png 600w, http:\/\/athelitico.jobs-conseil.com\/wp-content\/uploads\/2021\/03\/ct5.png 1122w\" sizes=\"(max-width: 1024px) 100vw, 1024px\" \/><\/figure>\n\n\n\n<p>Ce programme se d\u00e9roulera au Gabon, d\u2019abord \u00e0 Libreville pour la premi\u00e8re ann\u00e9e, et b\u00e9n\u00e9ficiera directement \u00e0 15 jeunes filles qui souhaitent repartir \u00e0 l\u2019\u00e9cole apr\u00e8s un temps de d\u00e9crochage, et \u00e0 plus de 50 personnes de mani\u00e8re indirecte; si l\u2019on compte les familles****&nbsp;et les encadreurs.<\/p>\n\n\n\n<h1><strong>Pourquoi vous devez nous accompagner ?<\/strong><\/h1>\n\n\n\n<p>\u00c0&nbsp;l&rsquo;occasion&nbsp;de&nbsp;la&nbsp;nouvelle&nbsp;saison&nbsp;sportive&nbsp;et&nbsp;scolaire&nbsp;2020&nbsp;&#8211;&nbsp;2021,&nbsp;et&nbsp;compte tenu&nbsp;de&nbsp;la&nbsp;strat\u00e9gie&nbsp;de&nbsp;promotion&nbsp;des&nbsp;droits&nbsp;de&nbsp;la&nbsp;femme&nbsp;et&nbsp;de&nbsp;la&nbsp;r\u00e9duction&nbsp;des         in\u00e9galit\u00e9s&nbsp;entre&nbsp;les&nbsp;hommes&nbsp;et&nbsp;les&nbsp;femmes&nbsp;pr\u00f4n\u00e9es&nbsp;par&nbsp;les&nbsp;autorit\u00e9s&nbsp;gabonaise,&nbsp;en&nbsp;t\u00eate&nbsp;desquelles&nbsp;la&nbsp;premi\u00e8re&nbsp;dame,&nbsp;sylvia&nbsp;Bongo&nbsp;Ondimba,&nbsp;Atl\u00e9tico Akanda&nbsp;a&nbsp;d\u00e9cid\u00e9&nbsp;de&nbsp;mettre&nbsp;davantage&nbsp;l&rsquo;accent&nbsp;sur&nbsp;l&rsquo;\u00e9mancipation&nbsp;des&nbsp;jeunes filles&nbsp;sportives,&nbsp;et&nbsp;plus&nbsp;pr\u00e9cis\u00e9ment&nbsp;les&nbsp;footballeuses,&nbsp;\u00e0&nbsp;travers&nbsp;le&nbsp;programme \u00ab\u00a0Sportives&nbsp;\u00c9duqu\u00e9es\u00a0\u00bb.<\/p>\n\n\n\n<figure class=\"wp-block-image size-large\"><img loading=\"lazy\" width=\"880\" height=\"374\" src=\"http:\/\/athelitico.jobs-conseil.com\/wp-content\/uploads\/2021\/03\/ct6.png\" alt=\"\" class=\"wp-image-2061\" srcset=\"http:\/\/athelitico.jobs-conseil.com\/wp-content\/uploads\/2021\/03\/ct6.png 880w, http:\/\/athelitico.jobs-conseil.com\/wp-content\/uploads\/2021\/03\/ct6-300x128.png 300w, http:\/\/athelitico.jobs-conseil.com\/wp-content\/uploads\/2021\/03\/ct6-768x326.png 768w, http:\/\/athelitico.jobs-conseil.com\/wp-content\/uploads\/2021\/03\/ct6-600x255.png 600w\" sizes=\"(max-width: 880px) 100vw, 880px\" \/><\/figure>\n\n\n\n<h1><strong>Difficult\u00e9 <\/strong><strong>scolaire <\/strong><strong>\u00e0<\/strong><strong>&nbsp;<\/strong><strong>r\u00e9soudre<\/strong><strong><\/strong><\/h1>\n\n\n\n<p>Cette&nbsp;rentr\u00e9e&nbsp;est&nbsp;bien&nbsp;particuli\u00e8re.&nbsp;Si&nbsp;elle&nbsp;est&nbsp;compliqu\u00e9e pour beaucoup, elle l\u2019est encore plus pour les&nbsp;jeunes&nbsp;filles&nbsp;en&nbsp;difficult\u00e9&nbsp;scolaire.<\/p>\n\n\n\n<h4><strong>Plus que jamais, elles ont besoin de votre soutien !<\/strong><\/h4>\n\n\n\n<p><strong>Comment faire ?<\/strong><strong><\/strong><\/p>\n\n\n\n<p>En devenant Mentor, Marraine ou M\u00e9c\u00e8ne pour le projet <strong>Sportives \u00c9duqu\u00e9es <\/strong>de l\u2019association Atl\u00e9tico Akanda<\/p>\n\n\n\n<figure class=\"wp-block-image size-large\"><img loading=\"lazy\" width=\"504\" height=\"337\" src=\"http:\/\/athelitico.jobs-conseil.com\/wp-content\/uploads\/2021\/03\/ct7-e1615558878870.png\" alt=\"\" class=\"wp-image-2062\" srcset=\"http:\/\/athelitico.jobs-conseil.com\/wp-content\/uploads\/2021\/03\/ct7-e1615558878870.png 504w, http:\/\/athelitico.jobs-conseil.com\/wp-content\/uploads\/2021\/03\/ct7-e1615558878870-300x201.png 300w\" sizes=\"(max-width: 504px) 100vw, 504px\" \/><\/figure>\n\n\n\n<h1><strong>Comment \u00e7a marche<\/strong><strong>&nbsp;<\/strong><strong>?<\/strong><strong><\/strong><\/h1>\n\n\n\n<p>En versant une contribution, ou en acceptant de devenir Mentor ou M\u00e9c\u00e8ne. Aider une fille ou une jeune femme dans son parcours, lui redonner confiance et envie d\u2019apprendre, cr\u00e9er&nbsp;du&nbsp;lien&nbsp;avec&nbsp;l\u2019\u00e9cole,&nbsp;la&nbsp;culture,&nbsp;le&nbsp;travail,&nbsp;et&nbsp;la&nbsp;vie&nbsp;(en&nbsp;dehors) du foot.<\/p>\n\n\n\n<h3><strong>Pour qui<\/strong><strong>&nbsp;<\/strong><strong>?<\/strong><strong><\/strong><\/h3>\n\n\n\n<p>Des&nbsp;jeunes&nbsp;filles&nbsp;\u00e2g\u00e9es&nbsp;de&nbsp;15&nbsp;\u00e0&nbsp;23&nbsp;ans,&nbsp;du&nbsp;coll\u00e8ge&nbsp;au&nbsp;lyc\u00e9e&nbsp;professionnel&nbsp;ou&nbsp;Centres&nbsp;de&nbsp;Formations&nbsp;agr\u00e9\u00e9s&nbsp;.<\/p>\n\n\n\n<p>Le programme int\u00e8gre uniquement, pour cette ann\u00e9e, des jeunes filles priv\u00e9es d&rsquo;\u00e9cole ou en d\u00e9crochage scolaire : \u00ab\u00a0Nous consid\u00e9rons que rien ne peut se faire sans engagement pour changer les mentalit\u00e9s : la contribution des hommes et des femmes, des organismes et entreprises est fondamentale afin que&nbsp;chacun&nbsp;s\u2019empare&nbsp;de&nbsp;ce&nbsp;changement&nbsp;pour&nbsp;casser&nbsp;les&nbsp;st\u00e9r\u00e9otypes,&nbsp;ce&nbsp;que&nbsp;l&rsquo;on&nbsp;observe&nbsp;d&rsquo;ailleurs&nbsp;d\u00e9j\u00e0&nbsp;chez&nbsp;la&nbsp;jeunesse&nbsp;d&rsquo;aujourd&rsquo;hui\u00a0\u00bb,&nbsp;pr\u00e9cise&nbsp;Julien&nbsp;Beauhaire.<\/p>\n\n\n\n<h3><strong>O\u00f9 ?<\/strong><strong><\/strong><\/h3>\n\n\n\n<p>Au Gabon, particuli\u00e8rement dans l\u2019Estuaire, pour la premi\u00e8re ann\u00e9e du&nbsp;projet. En&nbsp;devenant&nbsp;mentor&nbsp;(marraine,&nbsp;parrain)&nbsp;pour&nbsp;le&nbsp;projet&nbsp;Sportives \u00c9duqu\u00e9es, vous permettrez \u00e0 ces jeunes gabonaises, vuln\u00e9rables&nbsp;et&nbsp;d\u00e9sorient\u00e9es,&nbsp;de&nbsp;b\u00e9n\u00e9ficier&nbsp;d\u2019un&nbsp;soutien&nbsp;inattendu&nbsp;qui changera&nbsp;peut-\u00eatre&nbsp;le&nbsp;cours&nbsp;de&nbsp;leurs&nbsp;vies.<\/p>\n\n\n\n<h1><strong>Qui&nbsp;sont&nbsp;celles&nbsp;que&nbsp;vous&nbsp;allez&nbsp;aider?<\/strong><\/h1>\n\n\n\n<h3><strong>On vous pr\u00e9sente quelques profils<\/strong><\/h3>\n\n\n\n<div class=\"wp-block-buttons\">\n<div class=\"wp-block-button\"><a class=\"wp-block-button__link\" href=\"http:\/\/athelitico.jobs-conseil.com\/index.php\/equipe\/\" target=\"_blank\" rel=\"noreferrer noopener\">Visiter les profils<\/a><\/div>\n<\/div>\n","protected":false},"excerpt":{"rendered":"<p>Sportives Eduqu\u00e9es, un programme de l\u2019Atl\u00e9tico Akanda pour l\u2019\u00e9mancipation des sportives gabonaises par l\u2019\u00e9ducation et la formation Organis\u00e9&nbsp;autour&nbsp;de&nbsp;sa&nbsp;section&nbsp;f\u00e9minine,&nbsp;lors&nbsp;de&nbsp;notre&nbsp;premi\u00e8re&nbsp;saison,&nbsp;l\u2019Atl\u00e9tico&nbsp;Akanda&nbsp;est&nbsp;une&nbsp;association&nbsp;qui&nbsp;se&nbsp;veut&nbsp;\u00eatre&nbsp;un&nbsp;acteur&nbsp;leader&nbsp;du&nbsp;secteur&nbsp;du&nbsp;Sport&nbsp;en&nbsp;g\u00e9n\u00e9ral,&nbsp;du&nbsp;Football&nbsp;et&nbsp;du&nbsp;Divertis- sement au&nbsp;Gabon. L\u2019activit\u00e9 du club s\u2019organise autour du produit \u201c Football \u201c pour d\u00e9buter, et s\u2019\u00e9tendra vers d\u2019autres activit\u00e9s compl\u00e9mentaires : athl\u00e9tisme, basket-ball, handball. La formation de jeunes (filles et gar\u00e7ons) et l\u2019accompagnement dans leur \u00e9ducation et [&hellip;]<\/p>\n","protected":false},"author":990002,"featured_media":0,"parent":0,"menu_order":0,"comment_status":"closed","ping_status":"closed","template":"","meta":{"_monsterinsights_skip_tracking":false,"_monsterinsights_sitenote_active":false,"_monsterinsights_sitenote_note":"","_monsterinsights_sitenote_category":0},"_links":{"self":[{"href":"http:\/\/athelitico.jobs-conseil.com\/index.php\/wp-json\/wp\/v2\/pages\/2005"}],"collection":[{"href":"http:\/\/athelitico.jobs-conseil.com\/index.php\/wp-json\/wp\/v2\/pages"}],"about":[{"href":"http:\/\/athelitico.jobs-conseil.com\/index.php\/wp-json\/wp\/v2\/types\/page"}],"author":[{"embeddable":true,"href":"http:\/\/athelitico.jobs-conseil.com\/index.php\/wp-json\/wp\/v2\/users\/990002"}],"replies":[{"embeddable":true,"href":"http:\/\/athelitico.jobs-conseil.com\/index.php\/wp-json\/wp\/v2\/comments?post=2005"}],"version-history":[{"count":7,"href":"http:\/\/athelitico.jobs-conseil.com\/index.php\/wp-json\/wp\/v2\/pages\/2005\/revisions"}],"predecessor-version":[{"id":2699,"href":"http:\/\/athelitico.jobs-conseil.com\/index.php\/wp-json\/wp\/v2\/pages\/2005\/revisions\/2699"}],"wp:attachment":[{"href":"http:\/\/athelitico.jobs-conseil.com\/index.php\/wp-json\/wp\/v2\/media?parent=2005"}],"curies":[{"name":"wp","href":"https:\/\/api.w.org\/{rel}","templated":true}]}}