{"id":2390,"date":"2021-07-19T23:45:07","date_gmt":"2021-07-19T21:45:07","guid":{"rendered":"http:\/\/athelitico.jobs-conseil.com\/?page_id=2390"},"modified":"2021-07-21T12:17:49","modified_gmt":"2021-07-21T10:17:49","slug":"nous-contacter-2","status":"publish","type":"page","link":"http:\/\/athelitico.jobs-conseil.com\/index.php\/nous-contacter-2\/","title":{"rendered":"Nous contacter"},"content":{"rendered":"<p>[vc_row][vc_column][vc_single_image image=\u00a0\u00bb2161&Prime; img_size=\u00a0\u00bbfull\u00a0\u00bb alignment=\u00a0\u00bbcenter\u00a0\u00bb onclick=\u00a0\u00bbzoom\u00a0\u00bb][vc_column_text]<\/p>\n<h2><strong>Faites partis de notre grande famille<\/strong><\/h2>\n<p>[\/vc_column_text]<div class=\"wpforms-container wpforms-container-full\" id=\"wpforms-2138\"><form id=\"wpforms-form-2138\" class=\"wpforms-validate wpforms-form wpforms-ajax-form\" data-formid=\"2138\" method=\"post\" enctype=\"multipart\/form-data\" action=\"\/index.php\/wp-json\/wp\/v2\/pages\/2390\" data-token=\"b69be94b793b60a8e5e6e6e81dc8fece\"><div class=\"wpforms-head-container\"><div class=\"wpforms-title\">Devenez Adh\u00e9rant du Club<\/div><div class=\"wpforms-description\">Participer \u00e0 la vie du club \u00e0 votre mani\u00e8re<\/div><\/div><noscript class=\"wpforms-error-noscript\">Veuillez activer JavaScript dans votre navigateur pour remplir ce formulaire.<\/noscript><div class=\"wpforms-field-container\"><div id=\"wpforms-2138-field_1-container\" class=\"wpforms-field wpforms-field-checkbox\" data-field-id=\"1\"><label class=\"wpforms-field-label\" for=\"wpforms-2138-field_1\">Type <\/label><ul id=\"wpforms-2138-field_1\"><li class=\"choice-3 depth-1\"><input type=\"checkbox\" id=\"wpforms-2138-field_1_3\" name=\"wpforms[fields][1][]\" value=\"Inscription\"  ><label class=\"wpforms-field-label-inline\" for=\"wpforms-2138-field_1_3\">Inscription<\/label><\/li><li class=\"choice-2 depth-1\"><input type=\"checkbox\" id=\"wpforms-2138-field_1_2\" name=\"wpforms[fields][1][]\" value=\"R\u00e9inscription\"  ><label class=\"wpforms-field-label-inline\" for=\"wpforms-2138-field_1_2\">R\u00e9inscription<\/label><\/li><\/ul><\/div><div id=\"wpforms-2138-field_8-container\" class=\"wpforms-field wpforms-field-name\" data-field-id=\"8\"><label class=\"wpforms-field-label\" for=\"wpforms-2138-field_8\">Nom <span class=\"wpforms-required-label\">*<\/span><\/label><div class=\"wpforms-field-row wpforms-field-medium\"><div class=\"wpforms-field-row-block wpforms-first wpforms-one-half\"><input type=\"text\" id=\"wpforms-2138-field_8\" class=\"wpforms-field-name-first wpforms-field-required\" name=\"wpforms[fields][8][first]\" required><label for=\"wpforms-2138-field_8\" class=\"wpforms-field-sublabel after \">Pr\u00e9nom<\/label><\/div><div class=\"wpforms-field-row-block wpforms-one-half\"><input type=\"text\" id=\"wpforms-2138-field_8-last\" class=\"wpforms-field-name-last wpforms-field-required\" name=\"wpforms[fields][8][last]\" required><label for=\"wpforms-2138-field_8-last\" class=\"wpforms-field-sublabel after \">Nom<\/label><\/div><\/div><\/div><div id=\"wpforms-2138-field_7-container\" class=\"wpforms-field wpforms-field-email\" data-field-id=\"7\"><label class=\"wpforms-field-label\" for=\"wpforms-2138-field_7\">E-mail <span class=\"wpforms-required-label\">*<\/span><\/label><input type=\"email\" id=\"wpforms-2138-field_7\" class=\"wpforms-field-medium wpforms-field-required\" name=\"wpforms[fields][7]\" required><\/div><div id=\"wpforms-2138-field_3-container\" class=\"wpforms-field wpforms-field-checkbox\" data-field-id=\"3\"><label class=\"wpforms-field-label\" for=\"wpforms-2138-field_3\">Genre<\/label><ul id=\"wpforms-2138-field_3\"><li class=\"choice-1 depth-1\"><input type=\"checkbox\" id=\"wpforms-2138-field_3_1\" name=\"wpforms[fields][3][]\" value=\"H\"  ><label class=\"wpforms-field-label-inline\" for=\"wpforms-2138-field_3_1\">H<\/label><\/li><li class=\"choice-2 depth-1\"><input type=\"checkbox\" id=\"wpforms-2138-field_3_2\" name=\"wpforms[fields][3][]\" value=\"F\"  ><label class=\"wpforms-field-label-inline\" for=\"wpforms-2138-field_3_2\">F<\/label><\/li><\/ul><\/div><div id=\"wpforms-2138-field_4-container\" class=\"wpforms-field wpforms-field-checkbox\" data-field-id=\"4\"><label class=\"wpforms-field-label\" for=\"wpforms-2138-field_4\">Parent d&#039;un encadr\u00e9<\/label><ul id=\"wpforms-2138-field_4\"><li class=\"choice-1 depth-1\"><input type=\"checkbox\" id=\"wpforms-2138-field_4_1\" name=\"wpforms[fields][4][]\" value=\"Oui\"  ><label class=\"wpforms-field-label-inline\" for=\"wpforms-2138-field_4_1\">Oui<\/label><\/li><li class=\"choice-2 depth-1\"><input type=\"checkbox\" id=\"wpforms-2138-field_4_2\" name=\"wpforms[fields][4][]\" value=\"Non\"  ><label class=\"wpforms-field-label-inline\" for=\"wpforms-2138-field_4_2\">Non<\/label><\/li><\/ul><\/div><div id=\"wpforms-2138-field_6-container\" class=\"wpforms-field wpforms-field-text\" data-field-id=\"6\"><label class=\"wpforms-field-label\" for=\"wpforms-2138-field_6\">Quartier de r\u00e9sidence<\/label><input type=\"text\" id=\"wpforms-2138-field_6\" class=\"wpforms-field-medium\" name=\"wpforms[fields][6]\" ><\/div><div id=\"wpforms-2138-field_9-container\" class=\"wpforms-field wpforms-field-number\" data-field-id=\"9\"><label class=\"wpforms-field-label\" for=\"wpforms-2138-field_9\">T\u00e9l\u00e9phone<\/label><input type=\"number\" pattern=\"\\d*\" id=\"wpforms-2138-field_9\" class=\"wpforms-field-medium\" name=\"wpforms[fields][9]\" ><\/div><\/div><div class=\"wpforms-submit-container\" ><input type=\"hidden\" name=\"wpforms[id]\" value=\"2138\"><input type=\"hidden\" name=\"wpforms[author]\" value=\"990002\"><button type=\"submit\" name=\"wpforms[submit]\" class=\"wpforms-submit \" id=\"wpforms-submit-2138\" value=\"wpforms-submit\" aria-live=\"assertive\" data-alt-text=\"Enregistrement \" data-submit-text=\"S&#039;enregistrer\">S&#039;enregistrer<\/button><img src=\"http:\/\/athelitico.jobs-conseil.com\/wp-content\/plugins\/wpforms\/assets\/images\/submit-spin.svg\" class=\"wpforms-submit-spinner\" style=\"display: none;\" width=\"26\" height=\"26\" alt=\"\"><\/div><\/form><\/div>  <!-- .wpforms-container -->[vc_column_text]<\/p>\n<h3><strong>Suivez-nous !!!<\/strong><\/h3>\n<p>[\/vc_column_text]<div id=\"sc_services_334297153_wrap\" class=\"sc_services_wrap\"><div id=\"sc_services_334297153\" class=\"sc_services sc_services_style_services-1 sc_services_type_icons  margin_top_medium margin_bottom_small\" style=\"width:100%;\"><div class=\"sc_columns columns_wrap\"><div class=\"column-1_3 column_padding_bottom\">\t\t\t<div id=\"sc_services_334297153_1\"\t\t\t\tclass=\"sc_services_item sc_services_item_1 odd first\"\n\t\t\t\t>\n\t\t\t\t<span class=\"sc_icon icon-mail-empty\"><\/span>\t\t\t\t<div class=\"sc_services_item_content\">\n\t\t\t\t\t\n\t\t\t\t\t<div class=\"sc_services_item_description\">\n\t\t\t\t\t\t<p>[vc_column_text]<a href=\"mailto:atleticoakanda@gmail.com\">atleticoakanda@gmail.com<\/a>[\/vc_column_text]<\/p>\t\t\t\t\t<\/div>\n\t\t\t\t<\/div>\n\t\t\t<\/div>\n\t\t<\/div><div class=\"column-1_3 column_padding_bottom\">\t\t\t<div id=\"sc_services_334297153_2\"\t\t\t\tclass=\"sc_services_item sc_services_item_2 even\"\n\t\t\t\t>\n\t\t\t\t<span class=\"sc_icon icon-phone\"><\/span>\t\t\t\t<div class=\"sc_services_item_content\">\n\t\t\t\t\t\n\t\t\t\t\t<div class=\"sc_services_item_description\">\n\t\t\t\t\t\t<p>[vc_column_text]<a href=\"tel:+241 077 29 87 70\">+241 077 29 87 70\u00a0<\/a><br \/>\n<a href=\"tel:+241 077 64 32 30\">+241 077 64 32 30<\/a>[\/vc_column_text]<\/p>\t\t\t\t\t<\/div>\n\t\t\t\t<\/div>\n\t\t\t<\/div>\n\t\t<\/div><div class=\"column-1_3 column_padding_bottom\">\t\t\t<div id=\"sc_services_334297153_3\"\t\t\t\tclass=\"sc_services_item sc_services_item_3 odd\"\n\t\t\t\t>\n\t\t\t\t<span class=\"sc_icon icon-location\"><\/span>\t\t\t\t<div class=\"sc_services_item_content\">\n\t\t\t\t\t\n\t\t\t\t\t<div class=\"sc_services_item_description\">\n\t\t\t\t\t\t<p>[vc_column_text]ISTA AKANDA<\/p>\n<p>BP:4060[\/vc_column_text]<\/p>\t\t\t\t\t<\/div>\n\t\t\t\t<\/div>\n\t\t\t<\/div>\n\t\t<\/div><\/div><\/div><!-- \/.sc_services --><\/div><!-- \/.sc_services_wrap -->[\/vc_column][\/vc_row][vc_row full_width=\u00a0\u00bbstretch_row_content_no_spaces\u00a0\u00bb content_placement=\u00a0\u00bbmiddle\u00a0\u00bb inverse=\u00a0\u00bbyes\u00a0\u00bb css=\u00a0\u00bb.vc_custom_1615381488926{background-image: url(http:\/\/athelitico.jobs-conseil.com\/wp-content\/uploads\/2021\/02\/Picture1.png?id=1997) !important;}\u00a0\u00bb][vc_column]<div class=\"sc_content content_wrap margin_top_medium margin_bottom_medium\">[vc_empty_space height=\u00a0\u00bb2em\u00a0\u00bb][vc_column_text]<\/p>\n<h2 class=\"sc_form_title sc_item_title\">Nous contacter<\/h2>\n<p>[\/vc_column_text]<div role=\"form\" class=\"wpcf7\" id=\"wpcf7-f1620-o1\" lang=\"en-US\" dir=\"ltr\">\n<div class=\"screen-reader-response\"><p role=\"status\" aria-live=\"polite\" aria-atomic=\"true\"><\/p> <ul><\/ul><\/div>\n<form action=\"\/index.php\/wp-json\/wp\/v2\/pages\/2390#wpcf7-f1620-o1\" method=\"post\" class=\"wpcf7-form init\" novalidate=\"novalidate\" data-status=\"init\">\n<div style=\"display: none;\">\n<input type=\"hidden\" name=\"_wpcf7\" value=\"1620\" \/>\n<input type=\"hidden\" name=\"_wpcf7_version\" value=\"5.4.2\" \/>\n<input type=\"hidden\" name=\"_wpcf7_locale\" value=\"en_US\" \/>\n<input type=\"hidden\" name=\"_wpcf7_unit_tag\" value=\"wpcf7-f1620-o1\" \/>\n<input type=\"hidden\" name=\"_wpcf7_container_post\" value=\"0\" \/>\n<input type=\"hidden\" name=\"_wpcf7_posted_data_hash\" value=\"\" \/>\n<\/div>\n<div class=\"sc_form\">\n<div class=\"sc_form_info\">\n<div class=\"sc_form_item sc_form_field label_over\">\n\t\t\t\t<label><br \/>\n    \t\t\t\t<span class=\"wpcf7-form-control-wrap your-name\"><input type=\"text\" name=\"your-name\" value=\"\" size=\"40\" class=\"wpcf7-form-control wpcf7-text wpcf7-validates-as-required\" aria-required=\"true\" aria-invalid=\"false\" placeholder=\"Nom*\" \/><\/span> <\/label>\n\t\t\t<\/div>\n<div class=\"sc_form_item sc_form_field label_over\">\n\t\t\t\t<label><br \/>\n    \t\t\t\t\t<span class=\"wpcf7-form-control-wrap your-email\"><input type=\"email\" name=\"your-email\" value=\"\" size=\"40\" class=\"wpcf7-form-control wpcf7-text wpcf7-email wpcf7-validates-as-required wpcf7-validates-as-email\" aria-required=\"true\" aria-invalid=\"false\" placeholder=\"Email*\" \/><\/span> <\/label>\n\t\t\t<\/div>\n<\/div>\n<div class=\"sc_form_info\">\n<div class=\"sc_form_item sc_form_field label_over\">\n\t\t\t\t<label><br \/>\n    \t\t\t<span class=\"wpcf7-form-control-wrap your-subject\"><input type=\"text\" name=\"your-subject\" value=\"\" size=\"40\" class=\"wpcf7-form-control wpcf7-text\" aria-invalid=\"false\" placeholder=\"Objet\" \/><\/span> <\/label>\n\t\t\t<\/div>\n<\/div>\n<div class=\"sc_form_item sc_form_message label_over\"><label><br \/>\n    \t\t\t<span class=\"wpcf7-form-control-wrap your-message\"><textarea name=\"your-message\" cols=\"40\" rows=\"10\" class=\"wpcf7-form-control wpcf7-textarea\" aria-invalid=\"false\" placeholder=\"Message\"><\/textarea><\/span> <\/label>\n\t\t<\/div>\n<p><span class=\"wpcf7-form-control-wrap acceptance-472\"><span class=\"wpcf7-form-control wpcf7-acceptance\"><span class=\"wpcf7-list-item\"><label><input type=\"checkbox\" name=\"acceptance-472\" value=\"1\" aria-invalid=\"false\" \/><span class=\"wpcf7-list-item-label\">J'accepte que mes donn\u00e9es soumises soient collect\u00e9es et stock\u00e9es.<\/span><\/label><\/span><\/span><\/span><\/p>\n<div class=\"sc_form_item sc_form_button\"><input type=\"submit\" value=\"Envoyer le message\" class=\"wpcf7-form-control wpcf7-submit\" \/><\/div>\n<\/div>\n<div class=\"wpcf7-response-output\" aria-hidden=\"true\"><\/div><\/form><\/div>[vc_empty_space height=\u00a0\u00bb2em\u00a0\u00bb]<\/div>[\/vc_column][\/vc_row][vc_row full_width=\u00a0\u00bbstretch_row_content_no_spaces\u00a0\u00bb content_placement=\u00a0\u00bbmiddle\u00a0\u00bb inverse=\u00a0\u00bbyes\u00a0\u00bb css=\u00a0\u00bb.vc_custom_1626697223118{background-image: url(http:\/\/athelitico.jobs-conseil.com\/wp-content\/uploads\/2021\/02\/Picture1.png?id=1997) !important;}\u00a0\u00bb][vc_column][vc_empty_space height=\u00a0\u00bb4em\u00a0\u00bb css=\u00a0\u00bb.vc_custom_1626697179160{background-color: #857dd8 !important;border-radius: 1px !important;}\u00a0\u00bb]<div class=\"sc_content content_wrap margin_top_medium margin_bottom_medium\">[vc_empty_space height=\u00a0\u00bb2em\u00a0\u00bb][vc_column_text]<\/p>\n<h2 class=\"sc_form_title sc_item_title\">Nous contacter<\/h2>\n<p>[\/vc_column_text]<div role=\"form\" class=\"wpcf7\" id=\"wpcf7-f1620-o2\" lang=\"en-US\" dir=\"ltr\">\n<div class=\"screen-reader-response\"><p role=\"status\" aria-live=\"polite\" aria-atomic=\"true\"><\/p> <ul><\/ul><\/div>\n<form action=\"\/index.php\/wp-json\/wp\/v2\/pages\/2390#wpcf7-f1620-o2\" method=\"post\" class=\"wpcf7-form init\" novalidate=\"novalidate\" data-status=\"init\">\n<div style=\"display: none;\">\n<input type=\"hidden\" name=\"_wpcf7\" value=\"1620\" \/>\n<input type=\"hidden\" name=\"_wpcf7_version\" value=\"5.4.2\" \/>\n<input type=\"hidden\" name=\"_wpcf7_locale\" value=\"en_US\" \/>\n<input type=\"hidden\" name=\"_wpcf7_unit_tag\" value=\"wpcf7-f1620-o2\" \/>\n<input type=\"hidden\" name=\"_wpcf7_container_post\" value=\"0\" \/>\n<input type=\"hidden\" name=\"_wpcf7_posted_data_hash\" value=\"\" \/>\n<\/div>\n<div class=\"sc_form\">\n<div class=\"sc_form_info\">\n<div class=\"sc_form_item sc_form_field label_over\">\n\t\t\t\t<label><br \/>\n    \t\t\t\t<span class=\"wpcf7-form-control-wrap your-name\"><input type=\"text\" name=\"your-name\" value=\"\" size=\"40\" class=\"wpcf7-form-control wpcf7-text wpcf7-validates-as-required\" aria-required=\"true\" aria-invalid=\"false\" placeholder=\"Nom*\" \/><\/span> <\/label>\n\t\t\t<\/div>\n<div class=\"sc_form_item sc_form_field label_over\">\n\t\t\t\t<label><br \/>\n    \t\t\t\t\t<span class=\"wpcf7-form-control-wrap your-email\"><input type=\"email\" name=\"your-email\" value=\"\" size=\"40\" class=\"wpcf7-form-control wpcf7-text wpcf7-email wpcf7-validates-as-required wpcf7-validates-as-email\" aria-required=\"true\" aria-invalid=\"false\" placeholder=\"Email*\" \/><\/span> <\/label>\n\t\t\t<\/div>\n<\/div>\n<div class=\"sc_form_info\">\n<div class=\"sc_form_item sc_form_field label_over\">\n\t\t\t\t<label><br \/>\n    \t\t\t<span class=\"wpcf7-form-control-wrap your-subject\"><input type=\"text\" name=\"your-subject\" value=\"\" size=\"40\" class=\"wpcf7-form-control wpcf7-text\" aria-invalid=\"false\" placeholder=\"Objet\" \/><\/span> <\/label>\n\t\t\t<\/div>\n<\/div>\n<div class=\"sc_form_item sc_form_message label_over\"><label><br \/>\n    \t\t\t<span class=\"wpcf7-form-control-wrap your-message\"><textarea name=\"your-message\" cols=\"40\" rows=\"10\" class=\"wpcf7-form-control wpcf7-textarea\" aria-invalid=\"false\" placeholder=\"Message\"><\/textarea><\/span> <\/label>\n\t\t<\/div>\n<p><span class=\"wpcf7-form-control-wrap acceptance-472\"><span class=\"wpcf7-form-control wpcf7-acceptance\"><span class=\"wpcf7-list-item\"><label><input type=\"checkbox\" name=\"acceptance-472\" value=\"1\" aria-invalid=\"false\" \/><span class=\"wpcf7-list-item-label\">J'accepte que mes donn\u00e9es soumises soient collect\u00e9es et stock\u00e9es.<\/span><\/label><\/span><\/span><\/span><\/p>\n<div class=\"sc_form_item sc_form_button\"><input type=\"submit\" value=\"Envoyer le message\" class=\"wpcf7-form-control wpcf7-submit\" \/><\/div>\n<\/div>\n<div class=\"wpcf7-response-output\" aria-hidden=\"true\"><\/div><\/form><\/div><\/div>[\/vc_column][\/vc_row]<\/p>\n","protected":false},"excerpt":{"rendered":"<p>[vc_row][vc_column][vc_single_image image=\u00a0\u00bb2161&Prime; img_size=\u00a0\u00bbfull\u00a0\u00bb alignment=\u00a0\u00bbcenter\u00a0\u00bb onclick=\u00a0\u00bbzoom\u00a0\u00bb][vc_column_text] Faites partis de notre grande famille [\/vc_column_text][vc_column_text] Suivez-nous !!! [\/vc_column_text][\/vc_column][\/vc_row][vc_row full_width=\u00a0\u00bbstretch_row_content_no_spaces\u00a0\u00bb content_placement=\u00a0\u00bbmiddle\u00a0\u00bb inverse=\u00a0\u00bbyes\u00a0\u00bb css=\u00a0\u00bb.vc_custom_1615381488926{background-image: url(http:\/\/athelitico.jobs-conseil.com\/wp-content\/uploads\/2021\/02\/Picture1.png?id=1997) !important;}\u00a0\u00bb][vc_column][\/vc_column][\/vc_row][vc_row full_width=\u00a0\u00bbstretch_row_content_no_spaces\u00a0\u00bb content_placement=\u00a0\u00bbmiddle\u00a0\u00bb inverse=\u00a0\u00bbyes\u00a0\u00bb css=\u00a0\u00bb.vc_custom_1626697223118{background-image: url(http:\/\/athelitico.jobs-conseil.com\/wp-content\/uploads\/2021\/02\/Picture1.png?id=1997) !important;}\u00a0\u00bb][vc_column][vc_empty_space height=\u00a0\u00bb4em\u00a0\u00bb css=\u00a0\u00bb.vc_custom_1626697179160{background-color: #857dd8 !important;border-radius: 1px !important;}\u00a0\u00bb][\/vc_column][\/vc_row]<\/p>\n","protected":false},"author":990002,"featured_media":0,"parent":0,"menu_order":0,"comment_status":"closed","ping_status":"closed","template":"","meta":{"_monsterinsights_skip_tracking":false,"_monsterinsights_sitenote_active":false,"_monsterinsights_sitenote_note":"","_monsterinsights_sitenote_category":0},"_links":{"self":[{"href":"http:\/\/athelitico.jobs-conseil.com\/index.php\/wp-json\/wp\/v2\/pages\/2390"}],"collection":[{"href":"http:\/\/athelitico.jobs-conseil.com\/index.php\/wp-json\/wp\/v2\/pages"}],"about":[{"href":"http:\/\/athelitico.jobs-conseil.com\/index.php\/wp-json\/wp\/v2\/types\/page"}],"author":[{"embeddable":true,"href":"http:\/\/athelitico.jobs-conseil.com\/index.php\/wp-json\/wp\/v2\/users\/990002"}],"replies":[{"embeddable":true,"href":"http:\/\/athelitico.jobs-conseil.com\/index.php\/wp-json\/wp\/v2\/comments?post=2390"}],"version-history":[{"count":1,"href":"http:\/\/athelitico.jobs-conseil.com\/index.php\/wp-json\/wp\/v2\/pages\/2390\/revisions"}],"predecessor-version":[{"id":2391,"href":"http:\/\/athelitico.jobs-conseil.com\/index.php\/wp-json\/wp\/v2\/pages\/2390\/revisions\/2391"}],"wp:attachment":[{"href":"http:\/\/athelitico.jobs-conseil.com\/index.php\/wp-json\/wp\/v2\/media?parent=2390"}],"curies":[{"name":"wp","href":"https:\/\/api.w.org\/{rel}","templated":true}]}}