{"id":2722,"date":"2021-08-02T14:38:33","date_gmt":"2021-08-02T12:38:33","guid":{"rendered":"http:\/\/athelitico.jobs-conseil.com\/index.php\/le-don-a-echoue\/"},"modified":"2021-08-02T14:38:33","modified_gmt":"2021-08-02T12:38:33","slug":"le-don-a-echoue","status":"publish","type":"page","link":"http:\/\/athelitico.jobs-conseil.com\/index.php\/le-don-a-echoue\/","title":{"rendered":"Le don a \u00e9chou\u00e9"},"content":{"rendered":"<p>Nous sommes d\u00e9sol\u00e9s, mais votre transaction a \u00e9chou\u00e9. Veuillez essayer \u00e0 nouveau ou contacter l\u2019assistance du site.<\/p>\n","protected":false},"excerpt":{"rendered":"<p>Nous sommes d\u00e9sol\u00e9s, mais votre transaction a \u00e9chou\u00e9. Veuillez essayer \u00e0 nouveau ou contacter l\u2019assistance du site.<\/p>\n","protected":false},"author":1,"featured_media":0,"parent":0,"menu_order":0,"comment_status":"closed","ping_status":"closed","template":"","meta":{"_monsterinsights_skip_tracking":false,"_monsterinsights_sitenote_active":false,"_monsterinsights_sitenote_note":"","_monsterinsights_sitenote_category":0},"_links":{"self":[{"href":"http:\/\/athelitico.jobs-conseil.com\/index.php\/wp-json\/wp\/v2\/pages\/2722"}],"collection":[{"href":"http:\/\/athelitico.jobs-conseil.com\/index.php\/wp-json\/wp\/v2\/pages"}],"about":[{"href":"http:\/\/athelitico.jobs-conseil.com\/index.php\/wp-json\/wp\/v2\/types\/page"}],"author":[{"embeddable":true,"href":"http:\/\/athelitico.jobs-conseil.com\/index.php\/wp-json\/wp\/v2\/users\/1"}],"replies":[{"embeddable":true,"href":"http:\/\/athelitico.jobs-conseil.com\/index.php\/wp-json\/wp\/v2\/comments?post=2722"}],"version-history":[{"count":0,"href":"http:\/\/athelitico.jobs-conseil.com\/index.php\/wp-json\/wp\/v2\/pages\/2722\/revisions"}],"wp:attachment":[{"href":"http:\/\/athelitico.jobs-conseil.com\/index.php\/wp-json\/wp\/v2\/media?parent=2722"}],"curies":[{"name":"wp","href":"https:\/\/api.w.org\/{rel}","templated":true}]}}